{"id":57,"date":"2022-08-23T13:46:38","date_gmt":"2022-08-23T16:46:38","guid":{"rendered":"https:\/\/vasc.com.br\/?page_id=57"},"modified":"2022-09-13T11:39:44","modified_gmt":"2022-09-13T14:39:44","slug":"o-perito","status":"publish","type":"page","link":"https:\/\/vasc.com.br\/index.php\/o-perito\/","title":{"rendered":"O Perito"},"content":{"rendered":"\t\t<div data-elementor-type=\"wp-page\" data-elementor-id=\"57\" class=\"elementor elementor-57\">\n\t\t\t\t\t\t<section class=\"elementor-section elementor-top-section elementor-element elementor-element-9be088b elementor-section-boxed elementor-section-height-default elementor-section-height-default\" data-id=\"9be088b\" data-element_type=\"section\" data-e-type=\"section\">\n\t\t\t\t\t\t<div class=\"elementor-container elementor-column-gap-default\">\n\t\t\t\t\t<div class=\"elementor-column elementor-col-100 elementor-top-column elementor-element elementor-element-a12a524\" data-id=\"a12a524\" data-element_type=\"column\" data-e-type=\"column\">\n\t\t\t<div class=\"elementor-widget-wrap elementor-element-populated\">\n\t\t\t\t\t\t<div class=\"elementor-element elementor-element-8ff3ab5 elementor-widget elementor-widget-heading\" data-id=\"8ff3ab5\" data-element_type=\"widget\" data-e-type=\"widget\" data-widget_type=\"heading.default\">\n\t\t\t\t<div class=\"elementor-widget-container\">\n\t\t\t\t\t<h2 class=\"elementor-heading-title elementor-size-default\"><h2 data-elementor-setting-key=\"title\" data-pen-placeholder=\"Digite aqui...\" style=\"font-weight: var( --e-global-typography-primary-font-weight );text-transform: none;font-style: normal;font-family: var( --e-global-typography-primary-font-family ), Sans-serif\"><span style=\"font-weight: bolder\">Quem \u00e9 Rick Vasconcellos?<\/span><\/h2><\/h2>\t\t\t\t<\/div>\n\t\t\t\t<\/div>\n\t\t\t\t<section class=\"elementor-section elementor-inner-section elementor-element elementor-element-17bf9e3 elementor-section-boxed elementor-section-height-default elementor-section-height-default\" data-id=\"17bf9e3\" data-element_type=\"section\" data-e-type=\"section\">\n\t\t\t\t\t\t<div class=\"elementor-container elementor-column-gap-default\">\n\t\t\t\t\t<div class=\"elementor-column elementor-col-50 elementor-inner-column elementor-element elementor-element-0f0fb76\" data-id=\"0f0fb76\" data-element_type=\"column\" data-e-type=\"column\">\n\t\t\t<div class=\"elementor-widget-wrap elementor-element-populated\">\n\t\t\t\t\t\t<div class=\"elementor-element elementor-element-78a3ac1 elementor-widget elementor-widget-text-editor\" data-id=\"78a3ac1\" data-element_type=\"widget\" data-e-type=\"widget\" data-widget_type=\"text-editor.default\">\n\t\t\t\t<div class=\"elementor-widget-container\">\n\t\t\t\t\t\t\t\t\t<ul>\n<li>Corretor de Im\u00f3veis h\u00e1 40 anos sendo que 13, exerceu a fun\u00e7\u00e3o de Delegado do CRECI em Campinas.\n<p><\/p>\n<\/li>\n<li>Perito Avaliador de Im\u00f3veis inscrito no Tribunal de Justi\u00e7a de SP&nbsp;&nbsp;<br><br><\/li>\n<li>Como professor, formou mais de 2.000 alunos como Avaliadores em cursos presenciais,\n<p><\/p>\n<\/li>\n<li>Colaborador como Avaliador, do movimento IPTU JUSTO em Campinas &#8211; SP<p><\/p>\n<\/li>\n<li>Criador do Blog Imobili\u00e1rio&nbsp;<a href=\"http:\/\/www.compraevendadeimoveis.com\/\">http:\/\/www.compraevendadeimoveis.com\/<\/a>\n<p><\/p>\n<\/li>\n<li>Colaborador da Revista Im\u00f3veis e Coisas em Campinas<br><br><\/li>\n<li>Atua em todo territ\u00f3rio nacional<\/li>\n<\/ul>\t\t\t\t\t\t\t\t<\/div>\n\t\t\t\t<\/div>\n\t\t\t\t\t<\/div>\n\t\t<\/div>\n\t\t\t\t<div class=\"elementor-column elementor-col-50 elementor-inner-column elementor-element elementor-element-4bf2b6f\" data-id=\"4bf2b6f\" data-element_type=\"column\" data-e-type=\"column\">\n\t\t\t<div class=\"elementor-widget-wrap elementor-element-populated\">\n\t\t\t\t\t\t<div class=\"elementor-element elementor-element-5985c3c elementor-widget elementor-widget-image\" data-id=\"5985c3c\" data-element_type=\"widget\" data-e-type=\"widget\" data-widget_type=\"image.default\">\n\t\t\t\t<div class=\"elementor-widget-container\">\n\t\t\t\t\t\t\t\t\t\t\t\t\t\t\t<img decoding=\"async\" src=\"https:\/\/vasc.com.br\/wp-content\/uploads\/elementor\/thumbs\/Rick-pud8p4krhsp0xyirx7v4q85qfsjboq6nn59dwz43eg.png\" title=\"Rick\" alt=\"Rick\" loading=\"lazy\" \/>\t\t\t\t\t\t\t\t\t\t\t\t\t\t\t<\/div>\n\t\t\t\t<\/div>\n\t\t\t\t\t<\/div>\n\t\t<\/div>\n\t\t\t\t\t<\/div>\n\t\t<\/section>\n\t\t\t\t\t<\/div>\n\t\t<\/div>\n\t\t\t\t\t<\/div>\n\t\t<\/section>\n\t\t\t\t<\/div>\n\t\t","protected":false},"excerpt":{"rendered":"<p>Quem \u00e9 Rick Vasconcellos? Corretor de Im\u00f3veis h\u00e1 40 anos sendo que 13, exerceu a fun\u00e7\u00e3o de Delegado do CRECI em Campinas. Perito Avaliador de Im\u00f3veis inscrito no Tribunal de Justi\u00e7a de SP&nbsp;&nbsp; Como professor, formou mais de 2.000 alunos como Avaliadores em cursos presenciais, Colaborador como Avaliador, do movimento IPTU JUSTO em Campinas &#8211; [&hellip;]<\/p>\n","protected":false},"author":1,"featured_media":0,"parent":0,"menu_order":0,"comment_status":"closed","ping_status":"closed","template":"templates\/template-page-full-width.php","meta":{"om_disable_all_campaigns":false,"_monsterinsights_skip_tracking":false,"_monsterinsights_sitenote_active":false,"_monsterinsights_sitenote_note":"","_monsterinsights_sitenote_category":0,"footnotes":""},"class_list":["post-57","page","type-page","status-publish","hentry"],"yoast_head":"<!-- This site is optimized with the Yoast SEO plugin v27.1.1 - https:\/\/yoast.com\/product\/yoast-seo-wordpress\/ -->\n<title>O Perito - Vasc Participa\u00e7\u00f5es Imobili\u00e1rias<\/title>\n<meta name=\"description\" content=\"Quem \u00e9 Rick Vasconcellos?   Corretor de Im\u00f3veis h\u00e1 40 anos sendo que 13, exerceu a fun\u00e7\u00e3o de Delegado do CRECI em Campinas.  Perito Avaliador de Im\u00f3veis inscrito no Tribunal de Justi\u00e7a de SP&nbsp;&nbsp; Como professor, formou mais de 2.000 alunos como Avaliadores em cursos presenciais,  Colaborador como Avaliador, do movimento IPTU JUSTO em Campinas - SP Criador do Blog Imobili\u00e1rio&nbsp;http:\/\/www.compraevendadeimoveis.com\/  Colaborador da Revista Im\u00f3veis e Coisas em Campinas Atua em todo territ\u00f3rio nacional Avalia\u00e7\u00e3o de Im\u00f3vel im\u00f3veis fins judicial judiciais administrativo administrativos revis\u00e3o IPTU partilha invent\u00e1rio testamento venda loca\u00e7\u00e3o im\u00f3vel comercial residencial galp\u00e3o barrac\u00e3o terrenos terreno lotes lote gleba glebas desapropria\u00e7\u00e3o campinas regi\u00e3o de campinas laudos periciais justi\u00e7a avaliar buscar valor de mercado im\u00f3vel\" \/>\n<meta name=\"robots\" content=\"index, follow, max-snippet:-1, max-image-preview:large, max-video-preview:-1\" \/>\n<link rel=\"canonical\" href=\"https:\/\/vasc.com.br\/index.php\/o-perito\/\" \/>\n<meta property=\"og:locale\" content=\"pt_BR\" \/>\n<meta property=\"og:type\" content=\"article\" \/>\n<meta property=\"og:title\" content=\"O Perito - Vasc Participa\u00e7\u00f5es Imobili\u00e1rias\" \/>\n<meta property=\"og:description\" content=\"Quem \u00e9 Rick Vasconcellos?   Corretor de Im\u00f3veis h\u00e1 40 anos sendo que 13, exerceu a fun\u00e7\u00e3o de Delegado do CRECI em Campinas.  Perito Avaliador de Im\u00f3veis inscrito no Tribunal de Justi\u00e7a de SP&nbsp;&nbsp; Como professor, formou mais de 2.000 alunos como Avaliadores em cursos presenciais,  Colaborador como Avaliador, do movimento IPTU JUSTO em Campinas - SP Criador do Blog Imobili\u00e1rio&nbsp;http:\/\/www.compraevendadeimoveis.com\/  Colaborador da Revista Im\u00f3veis e Coisas em Campinas Atua em todo territ\u00f3rio nacional Avalia\u00e7\u00e3o de Im\u00f3vel im\u00f3veis fins judicial judiciais administrativo administrativos revis\u00e3o IPTU partilha invent\u00e1rio testamento venda loca\u00e7\u00e3o im\u00f3vel comercial residencial galp\u00e3o barrac\u00e3o terrenos terreno lotes lote gleba glebas desapropria\u00e7\u00e3o campinas regi\u00e3o de campinas laudos periciais justi\u00e7a avaliar buscar valor de mercado im\u00f3vel\" \/>\n<meta property=\"og:url\" content=\"https:\/\/vasc.com.br\/index.php\/o-perito\/\" \/>\n<meta property=\"og:site_name\" content=\"Vasc Participa\u00e7\u00f5es Imobili\u00e1rias\" \/>\n<meta property=\"article:modified_time\" content=\"2022-09-13T14:39:44+00:00\" \/>\n<meta property=\"og:image\" content=\"https:\/\/vasc.com.br\/wp-content\/uploads\/2022\/09\/cropped-RICK-VASC_Logotipo-Quadrado-2.png\" \/>\n<meta name=\"twitter:card\" content=\"summary_large_image\" \/>\n<meta name=\"twitter:image\" content=\"https:\/\/vasc.com.br\/wp-content\/uploads\/2022\/09\/cropped-RICK-VASC_Logotipo-Quadrado-2.png\" \/>\n<script type=\"application\/ld+json\" class=\"yoast-schema-graph\">{\"@context\":\"https:\/\/schema.org\",\"@graph\":[{\"@type\":\"WebPage\",\"@id\":\"https:\/\/vasc.com.br\/index.php\/o-perito\/\",\"url\":\"https:\/\/vasc.com.br\/index.php\/o-perito\/\",\"name\":\"O Perito - Vasc Participa\u00e7\u00f5es Imobili\u00e1rias\",\"isPartOf\":{\"@id\":\"https:\/\/vasc.com.br\/#website\"},\"primaryImageOfPage\":{\"@id\":\"https:\/\/vasc.com.br\/index.php\/o-perito\/#primaryimage\"},\"image\":{\"@id\":\"https:\/\/vasc.com.br\/index.php\/o-perito\/#primaryimage\"},\"thumbnailUrl\":\"http:\/\/vasc.com.br\/wp-content\/uploads\/elementor\/thumbs\/Rick-pud8p4krhsp0xyirx7v4q85qfsjboq6nn59dwz43eg.png\",\"datePublished\":\"2022-08-23T16:46:38+00:00\",\"dateModified\":\"2022-09-13T14:39:44+00:00\",\"description\":\"Quem \u00e9 Rick Vasconcellos? Corretor de Im\u00f3veis h\u00e1 40 anos sendo que 13, exerceu a fun\u00e7\u00e3o de Delegado do CRECI em Campinas. Perito Avaliador de Im\u00f3veis inscrito no Tribunal de Justi\u00e7a de SP&nbsp;&nbsp; Como professor, formou mais de 2.000 alunos como Avaliadores em cursos presenciais, Colaborador como Avaliador, do movimento IPTU JUSTO em Campinas - SP Criador do Blog Imobili\u00e1rio&nbsp;http:\/\/www.compraevendadeimoveis.com\/ Colaborador da Revista Im\u00f3veis e Coisas em Campinas Atua em todo territ\u00f3rio nacional Avalia\u00e7\u00e3o de Im\u00f3vel im\u00f3veis fins judicial judiciais administrativo administrativos revis\u00e3o IPTU partilha invent\u00e1rio testamento venda loca\u00e7\u00e3o im\u00f3vel comercial residencial galp\u00e3o barrac\u00e3o terrenos terreno lotes lote gleba glebas desapropria\u00e7\u00e3o campinas regi\u00e3o de campinas laudos periciais justi\u00e7a avaliar buscar valor de mercado im\u00f3vel\",\"breadcrumb\":{\"@id\":\"https:\/\/vasc.com.br\/index.php\/o-perito\/#breadcrumb\"},\"inLanguage\":\"pt-BR\",\"potentialAction\":[{\"@type\":\"ReadAction\",\"target\":[\"https:\/\/vasc.com.br\/index.php\/o-perito\/\"]}]},{\"@type\":\"ImageObject\",\"inLanguage\":\"pt-BR\",\"@id\":\"https:\/\/vasc.com.br\/index.php\/o-perito\/#primaryimage\",\"url\":\"http:\/\/vasc.com.br\/wp-content\/uploads\/elementor\/thumbs\/Rick-pud8p4krhsp0xyirx7v4q85qfsjboq6nn59dwz43eg.png\",\"contentUrl\":\"http:\/\/vasc.com.br\/wp-content\/uploads\/elementor\/thumbs\/Rick-pud8p4krhsp0xyirx7v4q85qfsjboq6nn59dwz43eg.png\"},{\"@type\":\"BreadcrumbList\",\"@id\":\"https:\/\/vasc.com.br\/index.php\/o-perito\/#breadcrumb\",\"itemListElement\":[{\"@type\":\"ListItem\",\"position\":1,\"name\":\"In\u00edcio\",\"item\":\"https:\/\/vasc.com.br\/\"},{\"@type\":\"ListItem\",\"position\":2,\"name\":\"O Perito\"}]},{\"@type\":\"WebSite\",\"@id\":\"https:\/\/vasc.com.br\/#website\",\"url\":\"https:\/\/vasc.com.br\/\",\"name\":\"Vasc Participa\u00e7\u00f5es Imobili\u00e1rias\",\"description\":\"CRECI 49.182-F\",\"publisher\":{\"@id\":\"https:\/\/vasc.com.br\/#organization\"},\"potentialAction\":[{\"@type\":\"SearchAction\",\"target\":{\"@type\":\"EntryPoint\",\"urlTemplate\":\"https:\/\/vasc.com.br\/?s={search_term_string}\"},\"query-input\":{\"@type\":\"PropertyValueSpecification\",\"valueRequired\":true,\"valueName\":\"search_term_string\"}}],\"inLanguage\":\"pt-BR\"},{\"@type\":\"Organization\",\"@id\":\"https:\/\/vasc.com.br\/#organization\",\"name\":\"Vasc Participa\u00e7\u00f5es Imobili\u00e1rias\",\"url\":\"https:\/\/vasc.com.br\/\",\"logo\":{\"@type\":\"ImageObject\",\"inLanguage\":\"pt-BR\",\"@id\":\"https:\/\/vasc.com.br\/#\/schema\/logo\/image\/\",\"url\":\"https:\/\/vasc.com.br\/wp-content\/uploads\/2022\/09\/cropped-cropped-RICK-VASC_Logotipo-Quadrado-2.png\",\"contentUrl\":\"https:\/\/vasc.com.br\/wp-content\/uploads\/2022\/09\/cropped-cropped-RICK-VASC_Logotipo-Quadrado-2.png\",\"width\":2421,\"height\":2421,\"caption\":\"Vasc Participa\u00e7\u00f5es Imobili\u00e1rias\"},\"image\":{\"@id\":\"https:\/\/vasc.com.br\/#\/schema\/logo\/image\/\"}}]}<\/script>\n<!-- \/ Yoast SEO plugin. -->","yoast_head_json":{"title":"O Perito - Vasc Participa\u00e7\u00f5es Imobili\u00e1rias","description":"Quem \u00e9 Rick Vasconcellos?   Corretor de Im\u00f3veis h\u00e1 40 anos sendo que 13, exerceu a fun\u00e7\u00e3o de Delegado do CRECI em Campinas.  Perito Avaliador de Im\u00f3veis inscrito no Tribunal de Justi\u00e7a de SP&nbsp;&nbsp; Como professor, formou mais de 2.000 alunos como Avaliadores em cursos presenciais,  Colaborador como Avaliador, do movimento IPTU JUSTO em Campinas - SP Criador do Blog Imobili\u00e1rio&nbsp;http:\/\/www.compraevendadeimoveis.com\/  Colaborador da Revista Im\u00f3veis e Coisas em Campinas Atua em todo territ\u00f3rio nacional Avalia\u00e7\u00e3o de Im\u00f3vel im\u00f3veis fins judicial judiciais administrativo administrativos revis\u00e3o IPTU partilha invent\u00e1rio testamento venda loca\u00e7\u00e3o im\u00f3vel comercial residencial galp\u00e3o barrac\u00e3o terrenos terreno lotes lote gleba glebas desapropria\u00e7\u00e3o campinas regi\u00e3o de campinas laudos periciais justi\u00e7a avaliar buscar valor de mercado im\u00f3vel","robots":{"index":"index","follow":"follow","max-snippet":"max-snippet:-1","max-image-preview":"max-image-preview:large","max-video-preview":"max-video-preview:-1"},"canonical":"https:\/\/vasc.com.br\/index.php\/o-perito\/","og_locale":"pt_BR","og_type":"article","og_title":"O Perito - Vasc Participa\u00e7\u00f5es Imobili\u00e1rias","og_description":"Quem \u00e9 Rick Vasconcellos?   Corretor de Im\u00f3veis h\u00e1 40 anos sendo que 13, exerceu a fun\u00e7\u00e3o de Delegado do CRECI em Campinas.  Perito Avaliador de Im\u00f3veis inscrito no Tribunal de Justi\u00e7a de SP&nbsp;&nbsp; Como professor, formou mais de 2.000 alunos como Avaliadores em cursos presenciais,  Colaborador como Avaliador, do movimento IPTU JUSTO em Campinas - SP Criador do Blog Imobili\u00e1rio&nbsp;http:\/\/www.compraevendadeimoveis.com\/  Colaborador da Revista Im\u00f3veis e Coisas em Campinas Atua em todo territ\u00f3rio nacional Avalia\u00e7\u00e3o de Im\u00f3vel im\u00f3veis fins judicial judiciais administrativo administrativos revis\u00e3o IPTU partilha invent\u00e1rio testamento venda loca\u00e7\u00e3o im\u00f3vel comercial residencial galp\u00e3o barrac\u00e3o terrenos terreno lotes lote gleba glebas desapropria\u00e7\u00e3o campinas regi\u00e3o de campinas laudos periciais justi\u00e7a avaliar buscar valor de mercado im\u00f3vel","og_url":"https:\/\/vasc.com.br\/index.php\/o-perito\/","og_site_name":"Vasc Participa\u00e7\u00f5es Imobili\u00e1rias","article_modified_time":"2022-09-13T14:39:44+00:00","og_image":[{"url":"https:\/\/vasc.com.br\/wp-content\/uploads\/2022\/09\/cropped-RICK-VASC_Logotipo-Quadrado-2.png","type":"","width":"","height":""}],"twitter_card":"summary_large_image","twitter_image":"https:\/\/vasc.com.br\/wp-content\/uploads\/2022\/09\/cropped-RICK-VASC_Logotipo-Quadrado-2.png","schema":{"@context":"https:\/\/schema.org","@graph":[{"@type":"WebPage","@id":"https:\/\/vasc.com.br\/index.php\/o-perito\/","url":"https:\/\/vasc.com.br\/index.php\/o-perito\/","name":"O Perito - Vasc Participa\u00e7\u00f5es Imobili\u00e1rias","isPartOf":{"@id":"https:\/\/vasc.com.br\/#website"},"primaryImageOfPage":{"@id":"https:\/\/vasc.com.br\/index.php\/o-perito\/#primaryimage"},"image":{"@id":"https:\/\/vasc.com.br\/index.php\/o-perito\/#primaryimage"},"thumbnailUrl":"http:\/\/vasc.com.br\/wp-content\/uploads\/elementor\/thumbs\/Rick-pud8p4krhsp0xyirx7v4q85qfsjboq6nn59dwz43eg.png","datePublished":"2022-08-23T16:46:38+00:00","dateModified":"2022-09-13T14:39:44+00:00","description":"Quem \u00e9 Rick Vasconcellos? Corretor de Im\u00f3veis h\u00e1 40 anos sendo que 13, exerceu a fun\u00e7\u00e3o de Delegado do CRECI em Campinas. Perito Avaliador de Im\u00f3veis inscrito no Tribunal de Justi\u00e7a de SP&nbsp;&nbsp; Como professor, formou mais de 2.000 alunos como Avaliadores em cursos presenciais, Colaborador como Avaliador, do movimento IPTU JUSTO em Campinas - SP Criador do Blog Imobili\u00e1rio&nbsp;http:\/\/www.compraevendadeimoveis.com\/ Colaborador da Revista Im\u00f3veis e Coisas em Campinas Atua em todo territ\u00f3rio nacional Avalia\u00e7\u00e3o de Im\u00f3vel im\u00f3veis fins judicial judiciais administrativo administrativos revis\u00e3o IPTU partilha invent\u00e1rio testamento venda loca\u00e7\u00e3o im\u00f3vel comercial residencial galp\u00e3o barrac\u00e3o terrenos terreno lotes lote gleba glebas desapropria\u00e7\u00e3o campinas regi\u00e3o de campinas laudos periciais justi\u00e7a avaliar buscar valor de mercado im\u00f3vel","breadcrumb":{"@id":"https:\/\/vasc.com.br\/index.php\/o-perito\/#breadcrumb"},"inLanguage":"pt-BR","potentialAction":[{"@type":"ReadAction","target":["https:\/\/vasc.com.br\/index.php\/o-perito\/"]}]},{"@type":"ImageObject","inLanguage":"pt-BR","@id":"https:\/\/vasc.com.br\/index.php\/o-perito\/#primaryimage","url":"http:\/\/vasc.com.br\/wp-content\/uploads\/elementor\/thumbs\/Rick-pud8p4krhsp0xyirx7v4q85qfsjboq6nn59dwz43eg.png","contentUrl":"http:\/\/vasc.com.br\/wp-content\/uploads\/elementor\/thumbs\/Rick-pud8p4krhsp0xyirx7v4q85qfsjboq6nn59dwz43eg.png"},{"@type":"BreadcrumbList","@id":"https:\/\/vasc.com.br\/index.php\/o-perito\/#breadcrumb","itemListElement":[{"@type":"ListItem","position":1,"name":"In\u00edcio","item":"https:\/\/vasc.com.br\/"},{"@type":"ListItem","position":2,"name":"O Perito"}]},{"@type":"WebSite","@id":"https:\/\/vasc.com.br\/#website","url":"https:\/\/vasc.com.br\/","name":"Vasc Participa\u00e7\u00f5es Imobili\u00e1rias","description":"CRECI 49.182-F","publisher":{"@id":"https:\/\/vasc.com.br\/#organization"},"potentialAction":[{"@type":"SearchAction","target":{"@type":"EntryPoint","urlTemplate":"https:\/\/vasc.com.br\/?s={search_term_string}"},"query-input":{"@type":"PropertyValueSpecification","valueRequired":true,"valueName":"search_term_string"}}],"inLanguage":"pt-BR"},{"@type":"Organization","@id":"https:\/\/vasc.com.br\/#organization","name":"Vasc Participa\u00e7\u00f5es Imobili\u00e1rias","url":"https:\/\/vasc.com.br\/","logo":{"@type":"ImageObject","inLanguage":"pt-BR","@id":"https:\/\/vasc.com.br\/#\/schema\/logo\/image\/","url":"https:\/\/vasc.com.br\/wp-content\/uploads\/2022\/09\/cropped-cropped-RICK-VASC_Logotipo-Quadrado-2.png","contentUrl":"https:\/\/vasc.com.br\/wp-content\/uploads\/2022\/09\/cropped-cropped-RICK-VASC_Logotipo-Quadrado-2.png","width":2421,"height":2421,"caption":"Vasc Participa\u00e7\u00f5es Imobili\u00e1rias"},"image":{"@id":"https:\/\/vasc.com.br\/#\/schema\/logo\/image\/"}}]}},"_links":{"self":[{"href":"https:\/\/vasc.com.br\/index.php\/wp-json\/wp\/v2\/pages\/57","targetHints":{"allow":["GET"]}}],"collection":[{"href":"https:\/\/vasc.com.br\/index.php\/wp-json\/wp\/v2\/pages"}],"about":[{"href":"https:\/\/vasc.com.br\/index.php\/wp-json\/wp\/v2\/types\/page"}],"author":[{"embeddable":true,"href":"https:\/\/vasc.com.br\/index.php\/wp-json\/wp\/v2\/users\/1"}],"replies":[{"embeddable":true,"href":"https:\/\/vasc.com.br\/index.php\/wp-json\/wp\/v2\/comments?post=57"}],"version-history":[{"count":26,"href":"https:\/\/vasc.com.br\/index.php\/wp-json\/wp\/v2\/pages\/57\/revisions"}],"predecessor-version":[{"id":311,"href":"https:\/\/vasc.com.br\/index.php\/wp-json\/wp\/v2\/pages\/57\/revisions\/311"}],"wp:attachment":[{"href":"https:\/\/vasc.com.br\/index.php\/wp-json\/wp\/v2\/media?parent=57"}],"curies":[{"name":"wp","href":"https:\/\/api.w.org\/{rel}","templated":true}]}}