{"id":40,"date":"2022-08-10T19:04:24","date_gmt":"2022-08-10T22:04:24","guid":{"rendered":"https:\/\/vasc.com.br\/?page_id=40"},"modified":"2022-09-14T10:41:31","modified_gmt":"2022-09-14T13:41:31","slug":"contato","status":"publish","type":"page","link":"https:\/\/vasc.com.br\/index.php\/contato\/","title":{"rendered":"Contato"},"content":{"rendered":"\t\t<div data-elementor-type=\"wp-page\" data-elementor-id=\"40\" class=\"elementor elementor-40\">\n\t\t\t\t\t\t<section class=\"elementor-section elementor-top-section elementor-element elementor-element-dbc8f64 elementor-section-boxed elementor-section-height-default elementor-section-height-default\" data-id=\"dbc8f64\" data-element_type=\"section\" data-e-type=\"section\">\n\t\t\t\t\t\t<div class=\"elementor-container elementor-column-gap-default\">\n\t\t\t\t\t<div class=\"elementor-column elementor-col-100 elementor-top-column elementor-element elementor-element-060f883\" data-id=\"060f883\" data-element_type=\"column\" data-e-type=\"column\">\n\t\t\t<div class=\"elementor-widget-wrap elementor-element-populated\">\n\t\t\t\t\t\t<div class=\"elementor-element elementor-element-81b83ee elementor-widget elementor-widget-heading\" data-id=\"81b83ee\" data-element_type=\"widget\" data-e-type=\"widget\" data-widget_type=\"heading.default\">\n\t\t\t\t<div class=\"elementor-widget-container\">\n\t\t\t\t\t<h2 class=\"elementor-heading-title elementor-size-default\">Fale Conosco<\/h2>\t\t\t\t<\/div>\n\t\t\t\t<\/div>\n\t\t\t\t\t<\/div>\n\t\t<\/div>\n\t\t\t\t\t<\/div>\n\t\t<\/section>\n\t\t\t\t<section class=\"elementor-section elementor-top-section elementor-element elementor-element-729f7b1b elementor-section-boxed elementor-section-height-default elementor-section-height-default\" data-id=\"729f7b1b\" data-element_type=\"section\" data-e-type=\"section\">\n\t\t\t\t\t\t<div class=\"elementor-container elementor-column-gap-default\">\n\t\t\t\t\t<div class=\"elementor-column elementor-col-50 elementor-top-column elementor-element elementor-element-112fae6\" data-id=\"112fae6\" data-element_type=\"column\" data-e-type=\"column\">\n\t\t\t<div class=\"elementor-widget-wrap elementor-element-populated\">\n\t\t\t\t\t\t<div class=\"elementor-element elementor-element-0eecb00 elementor-widget elementor-widget-text-editor\" data-id=\"0eecb00\" data-element_type=\"widget\" data-e-type=\"widget\" data-widget_type=\"text-editor.default\">\n\t\t\t\t<div class=\"elementor-widget-container\">\n\t\t\t\t\t\t\t\t\t<p><strong>Rua Marechal Rondon 700 &#8211; Sala 402&nbsp; &nbsp;<br>Edif\u00edcio DUE&nbsp; &#8211; JD Chapad\u00e3o &#8211; Campinas SP <br>CEP 13070-172<\/strong><\/p>\t\t\t\t\t\t\t\t<\/div>\n\t\t\t\t<\/div>\n\t\t\t\t\t<\/div>\n\t\t<\/div>\n\t\t\t\t<div class=\"elementor-column elementor-col-50 elementor-top-column elementor-element elementor-element-307d935\" data-id=\"307d935\" data-element_type=\"column\" data-e-type=\"column\">\n\t\t\t<div class=\"elementor-widget-wrap elementor-element-populated\">\n\t\t\t\t\t\t<div class=\"elementor-element elementor-element-918ca25 elementor-widget elementor-widget-image\" data-id=\"918ca25\" data-element_type=\"widget\" data-e-type=\"widget\" data-widget_type=\"image.default\">\n\t\t\t\t<div class=\"elementor-widget-container\">\n\t\t\t\t\t\t\t\t\t\t\t\t\t\t\t<img fetchpriority=\"high\" decoding=\"async\" width=\"971\" height=\"839\" src=\"https:\/\/vasc.com.br\/wp-content\/uploads\/2022\/09\/Captura-de-tela-2022-09-14-103918.png\" class=\"attachment-large size-large wp-image-352\" alt=\"\" srcset=\"https:\/\/vasc.com.br\/wp-content\/uploads\/2022\/09\/Captura-de-tela-2022-09-14-103918.png 971w, https:\/\/vasc.com.br\/wp-content\/uploads\/2022\/09\/Captura-de-tela-2022-09-14-103918-300x259.png 300w, https:\/\/vasc.com.br\/wp-content\/uploads\/2022\/09\/Captura-de-tela-2022-09-14-103918-768x664.png 768w\" sizes=\"(max-width: 971px) 100vw, 971px\" \/>\t\t\t\t\t\t\t\t\t\t\t\t\t\t\t<\/div>\n\t\t\t\t<\/div>\n\t\t\t\t\t<\/div>\n\t\t<\/div>\n\t\t\t\t\t<\/div>\n\t\t<\/section>\n\t\t\t\t<section class=\"elementor-section elementor-top-section elementor-element elementor-element-1aa7fc4 elementor-section-boxed elementor-section-height-default elementor-section-height-default\" data-id=\"1aa7fc4\" data-element_type=\"section\" data-e-type=\"section\">\n\t\t\t\t\t\t<div class=\"elementor-container elementor-column-gap-default\">\n\t\t\t\t\t<div class=\"elementor-column elementor-col-100 elementor-top-column elementor-element elementor-element-3428c12\" data-id=\"3428c12\" data-element_type=\"column\" data-e-type=\"column\">\n\t\t\t<div class=\"elementor-widget-wrap elementor-element-populated\">\n\t\t\t\t\t\t<section class=\"elementor-section elementor-inner-section elementor-element elementor-element-e791b3f elementor-section-boxed elementor-section-height-default elementor-section-height-default\" data-id=\"e791b3f\" data-element_type=\"section\" data-e-type=\"section\">\n\t\t\t\t\t\t<div class=\"elementor-container elementor-column-gap-default\">\n\t\t\t\t\t<div class=\"elementor-column elementor-col-50 elementor-inner-column elementor-element elementor-element-3503a3f\" data-id=\"3503a3f\" data-element_type=\"column\" data-e-type=\"column\">\n\t\t\t<div class=\"elementor-widget-wrap elementor-element-populated\">\n\t\t\t\t\t\t<div class=\"elementor-element elementor-element-7b5fa77 elementor-widget elementor-widget-text-editor\" data-id=\"7b5fa77\" data-element_type=\"widget\" data-e-type=\"widget\" data-widget_type=\"text-editor.default\">\n\t\t\t\t<div class=\"elementor-widget-container\">\n\t\t\t\t\t\t\t\t\t<p><strong>Celular\u00a0 (19) 98111-4343<\/strong><\/p>\t\t\t\t\t\t\t\t<\/div>\n\t\t\t\t<\/div>\n\t\t\t\t\t<\/div>\n\t\t<\/div>\n\t\t\t\t<div class=\"elementor-column elementor-col-50 elementor-inner-column elementor-element elementor-element-9631f76\" data-id=\"9631f76\" data-element_type=\"column\" data-e-type=\"column\">\n\t\t\t<div class=\"elementor-widget-wrap elementor-element-populated\">\n\t\t\t\t\t\t<div class=\"elementor-element elementor-element-2925a47 elementor-widget elementor-widget-text-editor\" data-id=\"2925a47\" data-element_type=\"widget\" data-e-type=\"widget\" data-widget_type=\"text-editor.default\">\n\t\t\t\t<div class=\"elementor-widget-container\">\n\t\t\t\t\t\t\t\t\t<p><strong><a href=\"mailto:rick@vasc.com.br\">rick@vasc.com.br<\/a><\/strong><\/p>\t\t\t\t\t\t\t\t<\/div>\n\t\t\t\t<\/div>\n\t\t\t\t\t<\/div>\n\t\t<\/div>\n\t\t\t\t\t<\/div>\n\t\t<\/section>\n\t\t\t\t\t<\/div>\n\t\t<\/div>\n\t\t\t\t\t<\/div>\n\t\t<\/section>\n\t\t\t\t<section class=\"elementor-section elementor-top-section elementor-element elementor-element-e767d3d elementor-section-boxed elementor-section-height-default elementor-section-height-default\" data-id=\"e767d3d\" data-element_type=\"section\" data-e-type=\"section\">\n\t\t\t\t\t\t<div class=\"elementor-container elementor-column-gap-default\">\n\t\t\t\t\t<div class=\"elementor-column elementor-col-100 elementor-top-column elementor-element elementor-element-9782d39\" data-id=\"9782d39\" data-element_type=\"column\" data-e-type=\"column\">\n\t\t\t<div class=\"elementor-widget-wrap elementor-element-populated\">\n\t\t\t\t\t\t\t<\/div>\n\t\t<\/div>\n\t\t\t\t\t<\/div>\n\t\t<\/section>\n\t\t\t\t<section class=\"elementor-section elementor-top-section elementor-element elementor-element-218b7a9 elementor-section-boxed elementor-section-height-default elementor-section-height-default\" data-id=\"218b7a9\" data-element_type=\"section\" data-e-type=\"section\">\n\t\t\t\t\t\t<div class=\"elementor-container elementor-column-gap-default\">\n\t\t\t\t\t<div class=\"elementor-column elementor-col-100 elementor-top-column elementor-element elementor-element-366e85a\" data-id=\"366e85a\" data-element_type=\"column\" data-e-type=\"column\">\n\t\t\t<div class=\"elementor-widget-wrap elementor-element-populated\">\n\t\t\t\t\t\t<div class=\"elementor-element elementor-element-1775927 elementor-widget elementor-widget-google_maps\" data-id=\"1775927\" data-element_type=\"widget\" data-e-type=\"widget\" data-widget_type=\"google_maps.default\">\n\t\t\t\t<div class=\"elementor-widget-container\">\n\t\t\t\t\t\t\t<div class=\"elementor-custom-embed\">\n\t\t\t<iframe loading=\"lazy\"\n\t\t\t\t\tsrc=\"https:\/\/maps.google.com\/maps?q=Rua%20Marechal%20Rondon%20700%20-%20JD%20Chapad%C3%A3o%20-%20Campinas%20SP%20CEP%2013070-172&#038;t=m&#038;z=10&#038;output=embed&#038;iwloc=near\"\n\t\t\t\t\ttitle=\"Rua Marechal Rondon 700 - JD Chapad\u00e3o - Campinas SP CEP 13070-172\"\n\t\t\t\t\taria-label=\"Rua Marechal Rondon 700 - JD Chapad\u00e3o - Campinas SP CEP 13070-172\"\n\t\t\t><\/iframe>\n\t\t<\/div>\n\t\t\t\t\t\t<\/div>\n\t\t\t\t<\/div>\n\t\t\t\t\t<\/div>\n\t\t<\/div>\n\t\t\t\t\t<\/div>\n\t\t<\/section>\n\t\t\t\t<\/div>\n\t\t","protected":false},"excerpt":{"rendered":"<p>Fale Conosco Rua Marechal Rondon 700 &#8211; Sala 402&nbsp; &nbsp;Edif\u00edcio DUE&nbsp; &#8211; JD Chapad\u00e3o &#8211; Campinas SP CEP 13070-172 Celular\u00a0 (19) 98111-4343 rick@vasc.com.br<\/p>\n","protected":false},"author":1,"featured_media":0,"parent":0,"menu_order":0,"comment_status":"closed","ping_status":"closed","template":"","meta":{"om_disable_all_campaigns":false,"_monsterinsights_skip_tracking":false,"_monsterinsights_sitenote_active":false,"_monsterinsights_sitenote_note":"","_monsterinsights_sitenote_category":0,"footnotes":""},"class_list":["post-40","page","type-page","status-publish","hentry"],"yoast_head":"<!-- This site is optimized with the Yoast SEO plugin v27.1.1 - https:\/\/yoast.com\/product\/yoast-seo-wordpress\/ -->\n<title>Contato - Vasc Participa\u00e7\u00f5es Imobili\u00e1rias<\/title>\n<meta name=\"description\" content=\"Fale Conosco   Rua Marechal Rondon 700 - Sala 402&nbsp; &nbsp;Edif\u00edcio DUE&nbsp; - JD Chapad\u00e3o - Campinas SP CEP 13070-172                  Celular\u00a0 (19) 98111-4343rick@vasc.com.br Avalia\u00e7\u00e3o de Im\u00f3vel im\u00f3veis fins judicial judiciais administrativo administrativos revis\u00e3o IPTU partilha invent\u00e1rio testamento venda loca\u00e7\u00e3o im\u00f3vel comercial residencial galp\u00e3o barrac\u00e3o terrenos terreno lotes lote gleba glebas desapropria\u00e7\u00e3o campinas regi\u00e3o de campinas laudos periciais justi\u00e7a avaliar buscar valor de mercado im\u00f3vel\" \/>\n<meta name=\"robots\" content=\"index, follow, max-snippet:-1, max-image-preview:large, max-video-preview:-1\" \/>\n<link rel=\"canonical\" href=\"https:\/\/vasc.com.br\/index.php\/contato\/\" \/>\n<meta property=\"og:locale\" content=\"pt_BR\" \/>\n<meta property=\"og:type\" content=\"article\" \/>\n<meta property=\"og:title\" content=\"Contato - Vasc Participa\u00e7\u00f5es Imobili\u00e1rias\" \/>\n<meta property=\"og:description\" content=\"Fale Conosco   Rua Marechal Rondon 700 - Sala 402&nbsp; &nbsp;Edif\u00edcio DUE&nbsp; - JD Chapad\u00e3o - Campinas SP CEP 13070-172                  Celular\u00a0 (19) 98111-4343rick@vasc.com.br Avalia\u00e7\u00e3o de Im\u00f3vel im\u00f3veis fins judicial judiciais administrativo administrativos revis\u00e3o IPTU partilha invent\u00e1rio testamento venda loca\u00e7\u00e3o im\u00f3vel comercial residencial galp\u00e3o barrac\u00e3o terrenos terreno lotes lote gleba glebas desapropria\u00e7\u00e3o campinas regi\u00e3o de campinas laudos periciais justi\u00e7a avaliar buscar valor de mercado im\u00f3vel\" \/>\n<meta property=\"og:url\" content=\"https:\/\/vasc.com.br\/index.php\/contato\/\" \/>\n<meta property=\"og:site_name\" content=\"Vasc Participa\u00e7\u00f5es Imobili\u00e1rias\" \/>\n<meta property=\"article:modified_time\" content=\"2022-09-14T13:41:31+00:00\" \/>\n<meta property=\"og:image\" content=\"https:\/\/vasc.com.br\/wp-content\/uploads\/2022\/09\/cropped-RICK-VASC_Logotipo-Quadrado-2.png\" \/>\n<meta name=\"twitter:card\" content=\"summary_large_image\" \/>\n<meta name=\"twitter:image\" content=\"https:\/\/vasc.com.br\/wp-content\/uploads\/2022\/09\/cropped-RICK-VASC_Logotipo-Quadrado-2.png\" \/>\n<script type=\"application\/ld+json\" class=\"yoast-schema-graph\">{\"@context\":\"https:\/\/schema.org\",\"@graph\":[{\"@type\":\"WebPage\",\"@id\":\"https:\/\/vasc.com.br\/index.php\/contato\/\",\"url\":\"https:\/\/vasc.com.br\/index.php\/contato\/\",\"name\":\"Contato - Vasc Participa\u00e7\u00f5es Imobili\u00e1rias\",\"isPartOf\":{\"@id\":\"https:\/\/vasc.com.br\/#website\"},\"primaryImageOfPage\":{\"@id\":\"https:\/\/vasc.com.br\/index.php\/contato\/#primaryimage\"},\"image\":{\"@id\":\"https:\/\/vasc.com.br\/index.php\/contato\/#primaryimage\"},\"thumbnailUrl\":\"http:\/\/vasc.com.br\/wp-content\/uploads\/2022\/09\/Captura-de-tela-2022-09-14-103918.png\",\"datePublished\":\"2022-08-10T22:04:24+00:00\",\"dateModified\":\"2022-09-14T13:41:31+00:00\",\"description\":\"Fale Conosco Rua Marechal Rondon 700 - Sala 402&nbsp; &nbsp;Edif\u00edcio DUE&nbsp; - JD Chapad\u00e3o - Campinas SP CEP 13070-172 Celular\u00a0 (19) 98111-4343rick@vasc.com.br Avalia\u00e7\u00e3o de Im\u00f3vel im\u00f3veis fins judicial judiciais administrativo administrativos revis\u00e3o IPTU partilha invent\u00e1rio testamento venda loca\u00e7\u00e3o im\u00f3vel comercial residencial galp\u00e3o barrac\u00e3o terrenos terreno lotes lote gleba glebas desapropria\u00e7\u00e3o campinas regi\u00e3o de campinas laudos periciais justi\u00e7a avaliar buscar valor de mercado im\u00f3vel\",\"breadcrumb\":{\"@id\":\"https:\/\/vasc.com.br\/index.php\/contato\/#breadcrumb\"},\"inLanguage\":\"pt-BR\",\"potentialAction\":[{\"@type\":\"ReadAction\",\"target\":[\"https:\/\/vasc.com.br\/index.php\/contato\/\"]}]},{\"@type\":\"ImageObject\",\"inLanguage\":\"pt-BR\",\"@id\":\"https:\/\/vasc.com.br\/index.php\/contato\/#primaryimage\",\"url\":\"https:\/\/vasc.com.br\/wp-content\/uploads\/2022\/09\/Captura-de-tela-2022-09-14-103918.png\",\"contentUrl\":\"https:\/\/vasc.com.br\/wp-content\/uploads\/2022\/09\/Captura-de-tela-2022-09-14-103918.png\",\"width\":971,\"height\":839},{\"@type\":\"BreadcrumbList\",\"@id\":\"https:\/\/vasc.com.br\/index.php\/contato\/#breadcrumb\",\"itemListElement\":[{\"@type\":\"ListItem\",\"position\":1,\"name\":\"In\u00edcio\",\"item\":\"https:\/\/vasc.com.br\/\"},{\"@type\":\"ListItem\",\"position\":2,\"name\":\"Contato\"}]},{\"@type\":\"WebSite\",\"@id\":\"https:\/\/vasc.com.br\/#website\",\"url\":\"https:\/\/vasc.com.br\/\",\"name\":\"Vasc Participa\u00e7\u00f5es Imobili\u00e1rias\",\"description\":\"CRECI 49.182-F\",\"publisher\":{\"@id\":\"https:\/\/vasc.com.br\/#organization\"},\"potentialAction\":[{\"@type\":\"SearchAction\",\"target\":{\"@type\":\"EntryPoint\",\"urlTemplate\":\"https:\/\/vasc.com.br\/?s={search_term_string}\"},\"query-input\":{\"@type\":\"PropertyValueSpecification\",\"valueRequired\":true,\"valueName\":\"search_term_string\"}}],\"inLanguage\":\"pt-BR\"},{\"@type\":\"Organization\",\"@id\":\"https:\/\/vasc.com.br\/#organization\",\"name\":\"Vasc Participa\u00e7\u00f5es Imobili\u00e1rias\",\"url\":\"https:\/\/vasc.com.br\/\",\"logo\":{\"@type\":\"ImageObject\",\"inLanguage\":\"pt-BR\",\"@id\":\"https:\/\/vasc.com.br\/#\/schema\/logo\/image\/\",\"url\":\"https:\/\/vasc.com.br\/wp-content\/uploads\/2022\/09\/cropped-cropped-RICK-VASC_Logotipo-Quadrado-2.png\",\"contentUrl\":\"https:\/\/vasc.com.br\/wp-content\/uploads\/2022\/09\/cropped-cropped-RICK-VASC_Logotipo-Quadrado-2.png\",\"width\":2421,\"height\":2421,\"caption\":\"Vasc Participa\u00e7\u00f5es Imobili\u00e1rias\"},\"image\":{\"@id\":\"https:\/\/vasc.com.br\/#\/schema\/logo\/image\/\"}}]}<\/script>\n<!-- \/ Yoast SEO plugin. -->","yoast_head_json":{"title":"Contato - Vasc Participa\u00e7\u00f5es Imobili\u00e1rias","description":"Fale Conosco   Rua Marechal Rondon 700 - Sala 402&nbsp; &nbsp;Edif\u00edcio DUE&nbsp; - JD Chapad\u00e3o - Campinas SP CEP 13070-172                  Celular\u00a0 (19) 98111-4343rick@vasc.com.br Avalia\u00e7\u00e3o de Im\u00f3vel im\u00f3veis fins judicial judiciais administrativo administrativos revis\u00e3o IPTU partilha invent\u00e1rio testamento venda loca\u00e7\u00e3o im\u00f3vel comercial residencial galp\u00e3o barrac\u00e3o terrenos terreno lotes lote gleba glebas desapropria\u00e7\u00e3o campinas regi\u00e3o de campinas laudos periciais justi\u00e7a avaliar buscar valor de mercado im\u00f3vel","robots":{"index":"index","follow":"follow","max-snippet":"max-snippet:-1","max-image-preview":"max-image-preview:large","max-video-preview":"max-video-preview:-1"},"canonical":"https:\/\/vasc.com.br\/index.php\/contato\/","og_locale":"pt_BR","og_type":"article","og_title":"Contato - Vasc Participa\u00e7\u00f5es Imobili\u00e1rias","og_description":"Fale Conosco   Rua Marechal Rondon 700 - Sala 402&nbsp; &nbsp;Edif\u00edcio DUE&nbsp; - JD Chapad\u00e3o - Campinas SP CEP 13070-172                  Celular\u00a0 (19) 98111-4343rick@vasc.com.br Avalia\u00e7\u00e3o de Im\u00f3vel im\u00f3veis fins judicial judiciais administrativo administrativos revis\u00e3o IPTU partilha invent\u00e1rio testamento venda loca\u00e7\u00e3o im\u00f3vel comercial residencial galp\u00e3o barrac\u00e3o terrenos terreno lotes lote gleba glebas desapropria\u00e7\u00e3o campinas regi\u00e3o de campinas laudos periciais justi\u00e7a avaliar buscar valor de mercado im\u00f3vel","og_url":"https:\/\/vasc.com.br\/index.php\/contato\/","og_site_name":"Vasc Participa\u00e7\u00f5es Imobili\u00e1rias","article_modified_time":"2022-09-14T13:41:31+00:00","og_image":[{"url":"https:\/\/vasc.com.br\/wp-content\/uploads\/2022\/09\/cropped-RICK-VASC_Logotipo-Quadrado-2.png","type":"","width":"","height":""}],"twitter_card":"summary_large_image","twitter_image":"https:\/\/vasc.com.br\/wp-content\/uploads\/2022\/09\/cropped-RICK-VASC_Logotipo-Quadrado-2.png","schema":{"@context":"https:\/\/schema.org","@graph":[{"@type":"WebPage","@id":"https:\/\/vasc.com.br\/index.php\/contato\/","url":"https:\/\/vasc.com.br\/index.php\/contato\/","name":"Contato - Vasc Participa\u00e7\u00f5es Imobili\u00e1rias","isPartOf":{"@id":"https:\/\/vasc.com.br\/#website"},"primaryImageOfPage":{"@id":"https:\/\/vasc.com.br\/index.php\/contato\/#primaryimage"},"image":{"@id":"https:\/\/vasc.com.br\/index.php\/contato\/#primaryimage"},"thumbnailUrl":"http:\/\/vasc.com.br\/wp-content\/uploads\/2022\/09\/Captura-de-tela-2022-09-14-103918.png","datePublished":"2022-08-10T22:04:24+00:00","dateModified":"2022-09-14T13:41:31+00:00","description":"Fale Conosco Rua Marechal Rondon 700 - Sala 402&nbsp; &nbsp;Edif\u00edcio DUE&nbsp; - JD Chapad\u00e3o - Campinas SP CEP 13070-172 Celular\u00a0 (19) 98111-4343rick@vasc.com.br Avalia\u00e7\u00e3o de Im\u00f3vel im\u00f3veis fins judicial judiciais administrativo administrativos revis\u00e3o IPTU partilha invent\u00e1rio testamento venda loca\u00e7\u00e3o im\u00f3vel comercial residencial galp\u00e3o barrac\u00e3o terrenos terreno lotes lote gleba glebas desapropria\u00e7\u00e3o campinas regi\u00e3o de campinas laudos periciais justi\u00e7a avaliar buscar valor de mercado im\u00f3vel","breadcrumb":{"@id":"https:\/\/vasc.com.br\/index.php\/contato\/#breadcrumb"},"inLanguage":"pt-BR","potentialAction":[{"@type":"ReadAction","target":["https:\/\/vasc.com.br\/index.php\/contato\/"]}]},{"@type":"ImageObject","inLanguage":"pt-BR","@id":"https:\/\/vasc.com.br\/index.php\/contato\/#primaryimage","url":"https:\/\/vasc.com.br\/wp-content\/uploads\/2022\/09\/Captura-de-tela-2022-09-14-103918.png","contentUrl":"https:\/\/vasc.com.br\/wp-content\/uploads\/2022\/09\/Captura-de-tela-2022-09-14-103918.png","width":971,"height":839},{"@type":"BreadcrumbList","@id":"https:\/\/vasc.com.br\/index.php\/contato\/#breadcrumb","itemListElement":[{"@type":"ListItem","position":1,"name":"In\u00edcio","item":"https:\/\/vasc.com.br\/"},{"@type":"ListItem","position":2,"name":"Contato"}]},{"@type":"WebSite","@id":"https:\/\/vasc.com.br\/#website","url":"https:\/\/vasc.com.br\/","name":"Vasc Participa\u00e7\u00f5es Imobili\u00e1rias","description":"CRECI 49.182-F","publisher":{"@id":"https:\/\/vasc.com.br\/#organization"},"potentialAction":[{"@type":"SearchAction","target":{"@type":"EntryPoint","urlTemplate":"https:\/\/vasc.com.br\/?s={search_term_string}"},"query-input":{"@type":"PropertyValueSpecification","valueRequired":true,"valueName":"search_term_string"}}],"inLanguage":"pt-BR"},{"@type":"Organization","@id":"https:\/\/vasc.com.br\/#organization","name":"Vasc Participa\u00e7\u00f5es Imobili\u00e1rias","url":"https:\/\/vasc.com.br\/","logo":{"@type":"ImageObject","inLanguage":"pt-BR","@id":"https:\/\/vasc.com.br\/#\/schema\/logo\/image\/","url":"https:\/\/vasc.com.br\/wp-content\/uploads\/2022\/09\/cropped-cropped-RICK-VASC_Logotipo-Quadrado-2.png","contentUrl":"https:\/\/vasc.com.br\/wp-content\/uploads\/2022\/09\/cropped-cropped-RICK-VASC_Logotipo-Quadrado-2.png","width":2421,"height":2421,"caption":"Vasc Participa\u00e7\u00f5es Imobili\u00e1rias"},"image":{"@id":"https:\/\/vasc.com.br\/#\/schema\/logo\/image\/"}}]}},"_links":{"self":[{"href":"https:\/\/vasc.com.br\/index.php\/wp-json\/wp\/v2\/pages\/40","targetHints":{"allow":["GET"]}}],"collection":[{"href":"https:\/\/vasc.com.br\/index.php\/wp-json\/wp\/v2\/pages"}],"about":[{"href":"https:\/\/vasc.com.br\/index.php\/wp-json\/wp\/v2\/types\/page"}],"author":[{"embeddable":true,"href":"https:\/\/vasc.com.br\/index.php\/wp-json\/wp\/v2\/users\/1"}],"replies":[{"embeddable":true,"href":"https:\/\/vasc.com.br\/index.php\/wp-json\/wp\/v2\/comments?post=40"}],"version-history":[{"count":26,"href":"https:\/\/vasc.com.br\/index.php\/wp-json\/wp\/v2\/pages\/40\/revisions"}],"predecessor-version":[{"id":355,"href":"https:\/\/vasc.com.br\/index.php\/wp-json\/wp\/v2\/pages\/40\/revisions\/355"}],"wp:attachment":[{"href":"https:\/\/vasc.com.br\/index.php\/wp-json\/wp\/v2\/media?parent=40"}],"curies":[{"name":"wp","href":"https:\/\/api.w.org\/{rel}","templated":true}]}}