{"id":147,"date":"2022-09-01T14:36:37","date_gmt":"2022-09-01T17:36:37","guid":{"rendered":"https:\/\/vasc.com.br\/?page_id=147"},"modified":"2022-09-01T14:36:37","modified_gmt":"2022-09-01T17:36:37","slug":"perito-avaliador","status":"publish","type":"page","link":"https:\/\/vasc.com.br\/index.php\/perito-avaliador\/","title":{"rendered":"PERITO AVALIADOR"},"content":{"rendered":"\n<p>Para se valorar um im\u00f3vel (&#8230;)<\/p>\n\n\n\n<p><\/p>\n\n\n\n<p>&#8230; com imparcialidade e consist\u00eancia, faz-se necess\u00e1rio ser acompanhado (a) por um profissional experiente e com dom\u00ednio t\u00e9cnico e conhecimento mercadol\u00f3gico. Um trabalho que segue fielmente as diretrizes de Avalia\u00e7\u00e3o de Im\u00f3veis, tem serventia para qualquer situa\u00e7\u00e3o e em qualquer parte do territ\u00f3rio nacional.<\/p>\n\n\n\n<p>E \u00e9 isso que fa\u00e7o h\u00e1 vinte (20) anos.<\/p>\n\n\n\n<figure class=\"wp-block-image size-large is-resized\"><img fetchpriority=\"high\" decoding=\"async\" src=\"https:\/\/vasc.com.br\/wp-content\/uploads\/2022\/08\/RICK-VASC_Logotipo-Quadrado-foto-1024x1024.png\" alt=\"\" class=\"wp-image-64\" width=\"256\" height=\"256\" srcset=\"https:\/\/vasc.com.br\/wp-content\/uploads\/2022\/08\/RICK-VASC_Logotipo-Quadrado-foto-1024x1024.png 1024w, https:\/\/vasc.com.br\/wp-content\/uploads\/2022\/08\/RICK-VASC_Logotipo-Quadrado-foto-300x300.png 300w, https:\/\/vasc.com.br\/wp-content\/uploads\/2022\/08\/RICK-VASC_Logotipo-Quadrado-foto-150x150.png 150w, https:\/\/vasc.com.br\/wp-content\/uploads\/2022\/08\/RICK-VASC_Logotipo-Quadrado-foto-768x768.png 768w, https:\/\/vasc.com.br\/wp-content\/uploads\/2022\/08\/RICK-VASC_Logotipo-Quadrado-foto-1536x1536.png 1536w, https:\/\/vasc.com.br\/wp-content\/uploads\/2022\/08\/RICK-VASC_Logotipo-Quadrado-foto-2048x2048.png 2048w\" sizes=\"(max-width: 256px) 100vw, 256px\" \/><\/figure>\n","protected":false},"excerpt":{"rendered":"<p>Para se valorar um im\u00f3vel (&#8230;) &#8230; com imparcialidade e consist\u00eancia, faz-se necess\u00e1rio ser acompanhado (a) por um profissional experiente e com dom\u00ednio t\u00e9cnico e conhecimento mercadol\u00f3gico. Um trabalho que segue fielmente as diretrizes de Avalia\u00e7\u00e3o de Im\u00f3veis, tem serventia para qualquer situa\u00e7\u00e3o e em qualquer parte do territ\u00f3rio nacional. E \u00e9 isso que fa\u00e7o [&hellip;]<\/p>\n","protected":false},"author":1,"featured_media":0,"parent":0,"menu_order":0,"comment_status":"closed","ping_status":"closed","template":"","meta":{"om_disable_all_campaigns":false,"_monsterinsights_skip_tracking":false,"_monsterinsights_sitenote_active":false,"_monsterinsights_sitenote_note":"","_monsterinsights_sitenote_category":0,"footnotes":""},"class_list":["post-147","page","type-page","status-publish","hentry"],"yoast_head":"<!-- This site is optimized with the Yoast SEO plugin v27.1.1 - https:\/\/yoast.com\/product\/yoast-seo-wordpress\/ -->\n<title>PERITO AVALIADOR - Vasc Participa\u00e7\u00f5es Imobili\u00e1rias<\/title>\n<meta name=\"description\" content=\"Para se valorar um im\u00f3vel (...)    ... com imparcialidade e consist\u00eancia, faz-se necess\u00e1rio ser acompanhado (a) por um profissional experiente e com dom\u00ednio t\u00e9cnico e conhecimento mercadol\u00f3gico. Um trabalho que segue fielmente as diretrizes de Avalia\u00e7\u00e3o de Im\u00f3veis, tem serventia para qualquer situa\u00e7\u00e3o e em qualquer parte do territ\u00f3rio nacional.  E \u00e9 isso que fa\u00e7o h\u00e1 vinte (20) anos. Avalia\u00e7\u00e3o de Im\u00f3vel im\u00f3veis fins judicial judiciais administrativo administrativos revis\u00e3o IPTU partilha invent\u00e1rio testamento venda loca\u00e7\u00e3o im\u00f3vel comercial residencial galp\u00e3o barrac\u00e3o terrenos terreno lotes lote gleba glebas desapropria\u00e7\u00e3o campinas regi\u00e3o de campinas laudos periciais justi\u00e7a avaliar buscar valor de mercado im\u00f3vel\" \/>\n<meta name=\"robots\" content=\"index, follow, max-snippet:-1, max-image-preview:large, max-video-preview:-1\" \/>\n<link rel=\"canonical\" href=\"https:\/\/vasc.com.br\/index.php\/perito-avaliador\/\" \/>\n<meta property=\"og:locale\" content=\"pt_BR\" \/>\n<meta property=\"og:type\" content=\"article\" \/>\n<meta property=\"og:title\" content=\"PERITO AVALIADOR - Vasc Participa\u00e7\u00f5es Imobili\u00e1rias\" \/>\n<meta property=\"og:description\" content=\"Para se valorar um im\u00f3vel (...)    ... com imparcialidade e consist\u00eancia, faz-se necess\u00e1rio ser acompanhado (a) por um profissional experiente e com dom\u00ednio t\u00e9cnico e conhecimento mercadol\u00f3gico. Um trabalho que segue fielmente as diretrizes de Avalia\u00e7\u00e3o de Im\u00f3veis, tem serventia para qualquer situa\u00e7\u00e3o e em qualquer parte do territ\u00f3rio nacional.  E \u00e9 isso que fa\u00e7o h\u00e1 vinte (20) anos. Avalia\u00e7\u00e3o de Im\u00f3vel im\u00f3veis fins judicial judiciais administrativo administrativos revis\u00e3o IPTU partilha invent\u00e1rio testamento venda loca\u00e7\u00e3o im\u00f3vel comercial residencial galp\u00e3o barrac\u00e3o terrenos terreno lotes lote gleba glebas desapropria\u00e7\u00e3o campinas regi\u00e3o de campinas laudos periciais justi\u00e7a avaliar buscar valor de mercado im\u00f3vel\" \/>\n<meta property=\"og:url\" content=\"https:\/\/vasc.com.br\/index.php\/perito-avaliador\/\" \/>\n<meta property=\"og:site_name\" content=\"Vasc Participa\u00e7\u00f5es Imobili\u00e1rias\" \/>\n<meta property=\"og:image\" content=\"https:\/\/vasc.com.br\/wp-content\/uploads\/2022\/09\/cropped-RICK-VASC_Logotipo-Quadrado-2.png\" \/>\n<meta name=\"twitter:card\" content=\"summary_large_image\" \/>\n<meta name=\"twitter:image\" content=\"https:\/\/vasc.com.br\/wp-content\/uploads\/2022\/09\/cropped-RICK-VASC_Logotipo-Quadrado-2.png\" \/>\n<script type=\"application\/ld+json\" class=\"yoast-schema-graph\">{\"@context\":\"https:\/\/schema.org\",\"@graph\":[{\"@type\":\"WebPage\",\"@id\":\"https:\/\/vasc.com.br\/index.php\/perito-avaliador\/\",\"url\":\"https:\/\/vasc.com.br\/index.php\/perito-avaliador\/\",\"name\":\"PERITO AVALIADOR - Vasc Participa\u00e7\u00f5es Imobili\u00e1rias\",\"isPartOf\":{\"@id\":\"https:\/\/vasc.com.br\/#website\"},\"primaryImageOfPage\":{\"@id\":\"https:\/\/vasc.com.br\/index.php\/perito-avaliador\/#primaryimage\"},\"image\":{\"@id\":\"https:\/\/vasc.com.br\/index.php\/perito-avaliador\/#primaryimage\"},\"thumbnailUrl\":\"http:\/\/vasc.com.br\/wp-content\/uploads\/2022\/08\/RICK-VASC_Logotipo-Quadrado-foto-1024x1024.png\",\"datePublished\":\"2022-09-01T17:36:37+00:00\",\"description\":\"Para se valorar um im\u00f3vel (...) ... com imparcialidade e consist\u00eancia, faz-se necess\u00e1rio ser acompanhado (a) por um profissional experiente e com dom\u00ednio t\u00e9cnico e conhecimento mercadol\u00f3gico. Um trabalho que segue fielmente as diretrizes de Avalia\u00e7\u00e3o de Im\u00f3veis, tem serventia para qualquer situa\u00e7\u00e3o e em qualquer parte do territ\u00f3rio nacional. E \u00e9 isso que fa\u00e7o h\u00e1 vinte (20) anos. Avalia\u00e7\u00e3o de Im\u00f3vel im\u00f3veis fins judicial judiciais administrativo administrativos revis\u00e3o IPTU partilha invent\u00e1rio testamento venda loca\u00e7\u00e3o im\u00f3vel comercial residencial galp\u00e3o barrac\u00e3o terrenos terreno lotes lote gleba glebas desapropria\u00e7\u00e3o campinas regi\u00e3o de campinas laudos periciais justi\u00e7a avaliar buscar valor de mercado im\u00f3vel\",\"breadcrumb\":{\"@id\":\"https:\/\/vasc.com.br\/index.php\/perito-avaliador\/#breadcrumb\"},\"inLanguage\":\"pt-BR\",\"potentialAction\":[{\"@type\":\"ReadAction\",\"target\":[\"https:\/\/vasc.com.br\/index.php\/perito-avaliador\/\"]}]},{\"@type\":\"ImageObject\",\"inLanguage\":\"pt-BR\",\"@id\":\"https:\/\/vasc.com.br\/index.php\/perito-avaliador\/#primaryimage\",\"url\":\"https:\/\/vasc.com.br\/wp-content\/uploads\/2022\/08\/RICK-VASC_Logotipo-Quadrado-foto.png\",\"contentUrl\":\"https:\/\/vasc.com.br\/wp-content\/uploads\/2022\/08\/RICK-VASC_Logotipo-Quadrado-foto.png\",\"width\":2421,\"height\":2421},{\"@type\":\"BreadcrumbList\",\"@id\":\"https:\/\/vasc.com.br\/index.php\/perito-avaliador\/#breadcrumb\",\"itemListElement\":[{\"@type\":\"ListItem\",\"position\":1,\"name\":\"In\u00edcio\",\"item\":\"https:\/\/vasc.com.br\/\"},{\"@type\":\"ListItem\",\"position\":2,\"name\":\"PERITO AVALIADOR\"}]},{\"@type\":\"WebSite\",\"@id\":\"https:\/\/vasc.com.br\/#website\",\"url\":\"https:\/\/vasc.com.br\/\",\"name\":\"Vasc Participa\u00e7\u00f5es Imobili\u00e1rias\",\"description\":\"CRECI 49.182-F\",\"publisher\":{\"@id\":\"https:\/\/vasc.com.br\/#organization\"},\"potentialAction\":[{\"@type\":\"SearchAction\",\"target\":{\"@type\":\"EntryPoint\",\"urlTemplate\":\"https:\/\/vasc.com.br\/?s={search_term_string}\"},\"query-input\":{\"@type\":\"PropertyValueSpecification\",\"valueRequired\":true,\"valueName\":\"search_term_string\"}}],\"inLanguage\":\"pt-BR\"},{\"@type\":\"Organization\",\"@id\":\"https:\/\/vasc.com.br\/#organization\",\"name\":\"Vasc Participa\u00e7\u00f5es Imobili\u00e1rias\",\"url\":\"https:\/\/vasc.com.br\/\",\"logo\":{\"@type\":\"ImageObject\",\"inLanguage\":\"pt-BR\",\"@id\":\"https:\/\/vasc.com.br\/#\/schema\/logo\/image\/\",\"url\":\"https:\/\/vasc.com.br\/wp-content\/uploads\/2022\/09\/cropped-cropped-RICK-VASC_Logotipo-Quadrado-2.png\",\"contentUrl\":\"https:\/\/vasc.com.br\/wp-content\/uploads\/2022\/09\/cropped-cropped-RICK-VASC_Logotipo-Quadrado-2.png\",\"width\":2421,\"height\":2421,\"caption\":\"Vasc Participa\u00e7\u00f5es Imobili\u00e1rias\"},\"image\":{\"@id\":\"https:\/\/vasc.com.br\/#\/schema\/logo\/image\/\"}}]}<\/script>\n<!-- \/ Yoast SEO plugin. -->","yoast_head_json":{"title":"PERITO AVALIADOR - Vasc Participa\u00e7\u00f5es Imobili\u00e1rias","description":"Para se valorar um im\u00f3vel (...)    ... com imparcialidade e consist\u00eancia, faz-se necess\u00e1rio ser acompanhado (a) por um profissional experiente e com dom\u00ednio t\u00e9cnico e conhecimento mercadol\u00f3gico. Um trabalho que segue fielmente as diretrizes de Avalia\u00e7\u00e3o de Im\u00f3veis, tem serventia para qualquer situa\u00e7\u00e3o e em qualquer parte do territ\u00f3rio nacional.  E \u00e9 isso que fa\u00e7o h\u00e1 vinte (20) anos. Avalia\u00e7\u00e3o de Im\u00f3vel im\u00f3veis fins judicial judiciais administrativo administrativos revis\u00e3o IPTU partilha invent\u00e1rio testamento venda loca\u00e7\u00e3o im\u00f3vel comercial residencial galp\u00e3o barrac\u00e3o terrenos terreno lotes lote gleba glebas desapropria\u00e7\u00e3o campinas regi\u00e3o de campinas laudos periciais justi\u00e7a avaliar buscar valor de mercado im\u00f3vel","robots":{"index":"index","follow":"follow","max-snippet":"max-snippet:-1","max-image-preview":"max-image-preview:large","max-video-preview":"max-video-preview:-1"},"canonical":"https:\/\/vasc.com.br\/index.php\/perito-avaliador\/","og_locale":"pt_BR","og_type":"article","og_title":"PERITO AVALIADOR - Vasc Participa\u00e7\u00f5es Imobili\u00e1rias","og_description":"Para se valorar um im\u00f3vel (...)    ... com imparcialidade e consist\u00eancia, faz-se necess\u00e1rio ser acompanhado (a) por um profissional experiente e com dom\u00ednio t\u00e9cnico e conhecimento mercadol\u00f3gico. Um trabalho que segue fielmente as diretrizes de Avalia\u00e7\u00e3o de Im\u00f3veis, tem serventia para qualquer situa\u00e7\u00e3o e em qualquer parte do territ\u00f3rio nacional.  E \u00e9 isso que fa\u00e7o h\u00e1 vinte (20) anos. Avalia\u00e7\u00e3o de Im\u00f3vel im\u00f3veis fins judicial judiciais administrativo administrativos revis\u00e3o IPTU partilha invent\u00e1rio testamento venda loca\u00e7\u00e3o im\u00f3vel comercial residencial galp\u00e3o barrac\u00e3o terrenos terreno lotes lote gleba glebas desapropria\u00e7\u00e3o campinas regi\u00e3o de campinas laudos periciais justi\u00e7a avaliar buscar valor de mercado im\u00f3vel","og_url":"https:\/\/vasc.com.br\/index.php\/perito-avaliador\/","og_site_name":"Vasc Participa\u00e7\u00f5es Imobili\u00e1rias","og_image":[{"url":"https:\/\/vasc.com.br\/wp-content\/uploads\/2022\/09\/cropped-RICK-VASC_Logotipo-Quadrado-2.png","type":"","width":"","height":""}],"twitter_card":"summary_large_image","twitter_image":"https:\/\/vasc.com.br\/wp-content\/uploads\/2022\/09\/cropped-RICK-VASC_Logotipo-Quadrado-2.png","schema":{"@context":"https:\/\/schema.org","@graph":[{"@type":"WebPage","@id":"https:\/\/vasc.com.br\/index.php\/perito-avaliador\/","url":"https:\/\/vasc.com.br\/index.php\/perito-avaliador\/","name":"PERITO AVALIADOR - Vasc Participa\u00e7\u00f5es Imobili\u00e1rias","isPartOf":{"@id":"https:\/\/vasc.com.br\/#website"},"primaryImageOfPage":{"@id":"https:\/\/vasc.com.br\/index.php\/perito-avaliador\/#primaryimage"},"image":{"@id":"https:\/\/vasc.com.br\/index.php\/perito-avaliador\/#primaryimage"},"thumbnailUrl":"http:\/\/vasc.com.br\/wp-content\/uploads\/2022\/08\/RICK-VASC_Logotipo-Quadrado-foto-1024x1024.png","datePublished":"2022-09-01T17:36:37+00:00","description":"Para se valorar um im\u00f3vel (...) ... com imparcialidade e consist\u00eancia, faz-se necess\u00e1rio ser acompanhado (a) por um profissional experiente e com dom\u00ednio t\u00e9cnico e conhecimento mercadol\u00f3gico. Um trabalho que segue fielmente as diretrizes de Avalia\u00e7\u00e3o de Im\u00f3veis, tem serventia para qualquer situa\u00e7\u00e3o e em qualquer parte do territ\u00f3rio nacional. E \u00e9 isso que fa\u00e7o h\u00e1 vinte (20) anos. Avalia\u00e7\u00e3o de Im\u00f3vel im\u00f3veis fins judicial judiciais administrativo administrativos revis\u00e3o IPTU partilha invent\u00e1rio testamento venda loca\u00e7\u00e3o im\u00f3vel comercial residencial galp\u00e3o barrac\u00e3o terrenos terreno lotes lote gleba glebas desapropria\u00e7\u00e3o campinas regi\u00e3o de campinas laudos periciais justi\u00e7a avaliar buscar valor de mercado im\u00f3vel","breadcrumb":{"@id":"https:\/\/vasc.com.br\/index.php\/perito-avaliador\/#breadcrumb"},"inLanguage":"pt-BR","potentialAction":[{"@type":"ReadAction","target":["https:\/\/vasc.com.br\/index.php\/perito-avaliador\/"]}]},{"@type":"ImageObject","inLanguage":"pt-BR","@id":"https:\/\/vasc.com.br\/index.php\/perito-avaliador\/#primaryimage","url":"https:\/\/vasc.com.br\/wp-content\/uploads\/2022\/08\/RICK-VASC_Logotipo-Quadrado-foto.png","contentUrl":"https:\/\/vasc.com.br\/wp-content\/uploads\/2022\/08\/RICK-VASC_Logotipo-Quadrado-foto.png","width":2421,"height":2421},{"@type":"BreadcrumbList","@id":"https:\/\/vasc.com.br\/index.php\/perito-avaliador\/#breadcrumb","itemListElement":[{"@type":"ListItem","position":1,"name":"In\u00edcio","item":"https:\/\/vasc.com.br\/"},{"@type":"ListItem","position":2,"name":"PERITO AVALIADOR"}]},{"@type":"WebSite","@id":"https:\/\/vasc.com.br\/#website","url":"https:\/\/vasc.com.br\/","name":"Vasc Participa\u00e7\u00f5es Imobili\u00e1rias","description":"CRECI 49.182-F","publisher":{"@id":"https:\/\/vasc.com.br\/#organization"},"potentialAction":[{"@type":"SearchAction","target":{"@type":"EntryPoint","urlTemplate":"https:\/\/vasc.com.br\/?s={search_term_string}"},"query-input":{"@type":"PropertyValueSpecification","valueRequired":true,"valueName":"search_term_string"}}],"inLanguage":"pt-BR"},{"@type":"Organization","@id":"https:\/\/vasc.com.br\/#organization","name":"Vasc Participa\u00e7\u00f5es Imobili\u00e1rias","url":"https:\/\/vasc.com.br\/","logo":{"@type":"ImageObject","inLanguage":"pt-BR","@id":"https:\/\/vasc.com.br\/#\/schema\/logo\/image\/","url":"https:\/\/vasc.com.br\/wp-content\/uploads\/2022\/09\/cropped-cropped-RICK-VASC_Logotipo-Quadrado-2.png","contentUrl":"https:\/\/vasc.com.br\/wp-content\/uploads\/2022\/09\/cropped-cropped-RICK-VASC_Logotipo-Quadrado-2.png","width":2421,"height":2421,"caption":"Vasc Participa\u00e7\u00f5es Imobili\u00e1rias"},"image":{"@id":"https:\/\/vasc.com.br\/#\/schema\/logo\/image\/"}}]}},"_links":{"self":[{"href":"https:\/\/vasc.com.br\/index.php\/wp-json\/wp\/v2\/pages\/147","targetHints":{"allow":["GET"]}}],"collection":[{"href":"https:\/\/vasc.com.br\/index.php\/wp-json\/wp\/v2\/pages"}],"about":[{"href":"https:\/\/vasc.com.br\/index.php\/wp-json\/wp\/v2\/types\/page"}],"author":[{"embeddable":true,"href":"https:\/\/vasc.com.br\/index.php\/wp-json\/wp\/v2\/users\/1"}],"replies":[{"embeddable":true,"href":"https:\/\/vasc.com.br\/index.php\/wp-json\/wp\/v2\/comments?post=147"}],"version-history":[{"count":1,"href":"https:\/\/vasc.com.br\/index.php\/wp-json\/wp\/v2\/pages\/147\/revisions"}],"predecessor-version":[{"id":148,"href":"https:\/\/vasc.com.br\/index.php\/wp-json\/wp\/v2\/pages\/147\/revisions\/148"}],"wp:attachment":[{"href":"https:\/\/vasc.com.br\/index.php\/wp-json\/wp\/v2\/media?parent=147"}],"curies":[{"name":"wp","href":"https:\/\/api.w.org\/{rel}","templated":true}]}}